{"id":945,"date":"2012-06-18T00:22:49","date_gmt":"2012-06-17T21:22:49","guid":{"rendered":"http:\/\/matkalla.dima.fi\/?page_id=945"},"modified":"2020-03-02T15:44:47","modified_gmt":"2020-03-02T13:44:47","slug":"2012-karjalankannas","status":"publish","type":"page","link":"https:\/\/dima.fi\/blog\/matkalla\/2012-karjalankannas\/","title":{"rendered":"2012 Karjalankannas"},"content":{"rendered":"\n<div class=\"wp-block-button\"><a class=\"wp-block-button__link has-background has-vivid-red-background-color\" href=\"http:\/\/dima.fi\/blog\/posts\/2012-karjalankannas\/\">Blogipostaukset<\/a><\/div>\n\n\n\n<p>Jussin kanssa kun <a href=\"http:\/\/dima.fi\/blog\/matkalla\/2011-karjalan-kirkot\/\">seikailtiin viime kes\u00e4n\u00e4 Karjalassa<\/a>. <a href=\"http:\/\/dima.fi\/blog\/matkamerkki\/priozersk-kakisalmi\/\">Reissun alkuvaiheessa<\/a> oli tarkoitus l\u00f6yt\u00e4\u00e4 Jussin ukin talon raunioita, mutta ep\u00e4onnistuimme kun emme l\u00f6yt\u00e4neet perille viev\u00e4n tien. Kaikki yritykset johtivat umpikujaan.<br>Kev\u00e4\u00e4ll\u00e4 pohdimme uudesta yrityksest\u00e4. Jussin is\u00e4 antoi neuvoja ja vanhan, k\u00e4sin piirretyn, kartan, jossa oli tiet ja polut merkitty paremmin. Mutta kun vanha kartta onkin, todellisuus voi olla yll\u00e4tyksi\u00e4 t\u00e4ynn\u00e4. Se menn\u00e4\u00e4n selvitt\u00e4m\u00e4\u00e4n yhden p\u00e4iv\u00e4n seikkailussa.<\/p>\n\n\n\n<p>T\u00e4ss\u00e4 kartassa on p\u00e4\u00e4kohteen arvioitu sijainti:<br>\n<iframe loading=\"lazy\" width=\"100%\" height=\"250\" src=\"https:\/\/dima.fi\/map\/kartta_kml.php?kml=2012-karjalankannas\"><\/iframe>\n<br>Katsotaan miss\u00e4 se oikeasti on, jos p\u00e4\u00e4st\u00e4\u00e4n perille. Nykyaikaisessa kartassa kerrotaan, ettei autolla p\u00e4\u00e4se kahden joen yli. Mutta kuulemma kes\u00e4ll\u00e4 kun vasi on matalalla, p\u00e4\u00e4se yli. Kokeillaan.<\/p>\n\n\n\n<p>T\u00e4m\u00e4n seikkailun j\u00e4lkeen suunnataan is\u00e4ni m\u00f6kille saunomaan ja sitten seuraavana p\u00e4iv\u00e4n\u00e4 Viipuriin hengailemaan.<\/p>\n\n\n\n<p>L\u00e4ht\u00f6 on maanantaina aamulla Nastolasta. Eli vajaan 6 tunnin p\u00e4\u00e4st\u00e4 t\u00e4st\u00e4 kirjoitushetkest\u00e4 \ud83d\ude09<\/p>\n\n\n\n<p>[P\u00e4ivitys 21.6.2012]<\/p>\n\n\n\n<p>Kaikki etsim\u00e4mme l\u00f6ydetty ja auto kunnossa. Seikkailu oli sopivasti haasteinen.<\/p>\n\n\n\n<p>Toteutunut reitti:<\/p>\n\n\n\n<iframe loading=\"lazy\" width=\"100%\" height=\"250\" src=\"https:\/\/dima.fi\/map\/route.php?start=2012-06-18&amp;end=2012-06-19\"><\/iframe>\n\n\n\n<p>[P\u00e4ivitys 20.6.2012]<\/p>\n\n\n\n<p>\u00a0Ja nyt on valokuviakin: <a href=\"https:\/\/foto.dima.fi\/Travel\/Karjalan-kannas-1862012\/\">Karjalan kannas 18.6.2012<\/a><\/p>\n","protected":false},"excerpt":{"rendered":"<p>Jussin kanssa kun seikailtiin viime kes\u00e4n\u00e4 Karjalassa. Reissun alkuvaiheessa oli tarkoitus l\u00f6yt\u00e4\u00e4 Jussin ukin talon raunioita, mutta ep\u00e4onnistuimme kun emme l\u00f6yt\u00e4neet perille viev\u00e4n tien. Kaikki yritykset johtivat umpikujaan.Kev\u00e4\u00e4ll\u00e4 pohdimme uudesta yrityksest\u00e4. Jussin is\u00e4 antoi neuvoja ja vanhan, k\u00e4sin piirretyn, kartan, jossa oli tiet ja polut merkitty paremmin. Mutta kun vanha kartta onkin, todellisuus voi olla [&hellip;]<\/p>\n","protected":false},"author":1,"featured_media":0,"parent":1370,"menu_order":4,"comment_status":"closed","ping_status":"open","template":"","meta":{"footnotes":""},"class_list":["post-945","page","type-page","status-publish","hentry","missing-thumbnail"],"_links":{"self":[{"href":"https:\/\/dima.fi\/blog\/wp-json\/wp\/v2\/pages\/945","targetHints":{"allow":["GET"]}}],"collection":[{"href":"https:\/\/dima.fi\/blog\/wp-json\/wp\/v2\/pages"}],"about":[{"href":"https:\/\/dima.fi\/blog\/wp-json\/wp\/v2\/types\/page"}],"author":[{"embeddable":true,"href":"https:\/\/dima.fi\/blog\/wp-json\/wp\/v2\/users\/1"}],"replies":[{"embeddable":true,"href":"https:\/\/dima.fi\/blog\/wp-json\/wp\/v2\/comments?post=945"}],"version-history":[{"count":3,"href":"https:\/\/dima.fi\/blog\/wp-json\/wp\/v2\/pages\/945\/revisions"}],"predecessor-version":[{"id":2318,"href":"https:\/\/dima.fi\/blog\/wp-json\/wp\/v2\/pages\/945\/revisions\/2318"}],"up":[{"embeddable":true,"href":"https:\/\/dima.fi\/blog\/wp-json\/wp\/v2\/pages\/1370"}],"wp:attachment":[{"href":"https:\/\/dima.fi\/blog\/wp-json\/wp\/v2\/media?parent=945"}],"curies":[{"name":"wp","href":"https:\/\/api.w.org\/{rel}","templated":true}]}}