{"id":528,"date":"2011-05-11T09:16:58","date_gmt":"2011-05-11T09:16:58","guid":{"rendered":"http:\/\/matkalla.dima.fi\/?page_id=528"},"modified":"2020-03-04T08:09:12","modified_gmt":"2020-03-04T06:09:12","slug":"2011-norja","status":"publish","type":"page","link":"https:\/\/dima.fi\/blog\/matkalla\/2011-norja\/","title":{"rendered":"2011 Norja"},"content":{"rendered":"\n<div class=\"wp-block-button\"><a class=\"wp-block-button__link has-background has-vivid-red-background-color\" href=\"http:\/\/dima.fi\/blog\/posts\/2011-norja\/\">Blogipostaukset<\/a><\/div>\n\n\n\n<p><strong>25.5.-5.6.2011<\/strong><\/p>\n\n\n\n<p>Elinan opiskelukaveri Gailella p\u00e4\u00e4tyv\u00e4t opinnot Norjan Oslossa, joten h\u00e4net pit\u00e4\u00e4 hakea pois. Mietittiin, ett\u00e4 samalla voisi tehd\u00e4 seikkailureissun pitkin Norjaa. Mukana on my\u00f6s Amanda. Eli porukka on sama kuin viime kes\u00e4n Mordvan reissulla, josta valitettavasti ei j\u00e4\u00e4nyt mink\u00e4\u00e4nlaista matkablogia. Nyt on tarkoitus patistaa tytt\u00f6j\u00e4 kirjoittamaan aktiivisesti. Itse kun tulen olemaan suurimman osan ajasta ratin takana.<\/p>\n\n\n\n<p>Majoitukset ovat p\u00e4\u00e4osin leirint\u00e4alueilla teltassa ja ruokaa tehd\u00e4\u00e4n itse liikuvassa keitti\u00f6ss\u00e4 \ud83d\ude42 Toki k\u00e4yd\u00e4n sy\u00f6m\u00e4ss\u00e4 ravintoloissakin, kun tulee vastaan erikoisuuksia.<\/p>\n\n\n\n<p>Alla on alustava reitti, joka alkaa laivareissulla Turusta Tukholmaan. Reitin pituus on alle 5000km. P\u00e4ivitt\u00e4in ajettavaa on paljon. Nordkapp on kuitenkin viel\u00e4 optiona. Jos aikataulut venyy, skipataan se k\u00e4\u00e4ntym\u00e4ll\u00e4 Narvikissa kohti Suomea. Helsingiss\u00e4 pit\u00e4\u00e4 olla viimeist\u00e4\u00e4n 5.6. Sill\u00e4 seuraavana p\u00e4iv\u00e4n\u00e4 auton nokka k\u00e4\u00e4ntyy kohti Ven\u00e4j\u00e4\u00e4.<\/p>\n\n\n\n<p><strong>[P\u00e4ivitys 18.5.2011]<\/strong><\/p>\n\n\n\n<p>Pidettiin palaveri matkan yksityiskohdista ja ly\u00f6tiin seuraava alustava suunnitelma lukkoon:<\/p>\n\n\n\n<ul class=\"wp-block-list\"><li>26.5. Helsinki-Turku 180km,<br>Turku-Tukholma aamulaiva,<br>Tukholma-Karlstad 300km, majoitus leirint\u00e4alueella<\/li><li>27.5. Karlstad-Arvika-Oslo 230km,<br>majoitus Gailen luona<\/li><li>28.5. Oslo-Trondheim 500km,<br>majoitus tuttujen luona<\/li><li>29.5. Trondheim, majoitus tuttujen luona<\/li><li>30.5. Trondheim-Mosj\u00f6en 400km,<br>majoitus leirint\u00e4alueella<\/li><li>31.5. Mosj\u00f6en-Bod\u00f6 330km,<br>Bod\u00f6-Moskenes autolaiva, majoitus jossain Lofotenissa<\/li><li>1.6. Lofoten 300km, majoitus jossain<\/li><li>2.6. Lofoten-Troms\u00f6 250km,<br>majoitus tuttujen luona<\/li><li>3.6. Troms\u00f6-Rovaniemi 600km,<br>majoitus tuttujen luona<\/li><li>4.6. Rovaniemi-Kauhajoki 620km,<br>majoitus kotona<\/li><li>5.6. Kauhajoki-Helsinki 350km, finale!<\/li><\/ul>\n\n\n\n<p>Lofoteniin on varattu kaksi p\u00e4iv\u00e4\u00e4. Jos se paljastuu tyls\u00e4ksi mestaksi niin l\u00e4hdet\u00e4\u00e4n jo aiemmin Troms\u00f6\u00f6n, jossa vietet\u00e4\u00e4n sitten kaksi p\u00e4iv\u00e4\u00e4.<br>Mietittiin my\u00f6s sit\u00e4 vaihtoehtoa, ett\u00e4 jos aikataulu venyy Lofooteilla ja Troms\u00f6ss\u00e4, niin tehd\u00e4\u00e4n sitten HC-reissu Rovaniemest\u00e4 suoraan Helsinkiin kolmen kuskin voimin. Pyrit\u00e4\u00e4n kuitenkin v\u00e4ltt\u00e4m\u00e4\u00e4n tuota tilannetta.<\/p>\n\n\n\n<p>Yhteens\u00e4 autolla kuljetaan reilu 4000km \ud83d\ude42<\/p>\n\n\n\n<p>Kartta on p\u00e4ivitetty vastaamaan alustavaa suunnitelmaa.<\/p>\n\n\n\n<iframe loading=\"lazy\" src=\"https:\/\/dima.fi\/map\/kartta_kml.php?kml=2011-norja\" width=\"100%\" height=\"250\"><\/iframe>\n\n\n\n<p><strong>[P\u00e4ivitys 6.6.2011]<\/strong><\/p>\n\n\n\n<p>Matkan pituus 4450km. Reissu on toteutunut suunnitelman mukaisesti, Troms\u00f6\u00e4 lukuun ottamatta. Majoitus Hallvardilla ei ollut Troms\u00f6ss\u00e4, vaan noin 90km p\u00e4\u00e4ss\u00e4 Oterenissa.<br>Polttoainetta kului 245 litraa. Keskikulutus n\u00e4in on 5.5l\/100km.<\/p>\n\n\n\n<p>Kustannukset:<\/p>\n\n\n\n<ul class=\"wp-block-list\"><li>Polttoainekuluja 380\u20ac.<\/li><li>Turku-Tukholma lautta 108\u20ac (kampanjahinta) sis. auto, 3 henkil\u00f6n kansipaikat ja lounas.<\/li><li>Bod\u00f6-Moskenes lautta NOK 1175 = 150\u20ac sis. auto ja 4 henkil\u00f6\u00e4.<\/li><li>Leirint\u00e4aluemaksut: SEK 100 + NOK 0+180+140 = 52.54\u20ac.<\/li><li>Tiemaksuja: NOK 74 = 10\u20ac.<\/li><li>Ruokakulujani (Dima)&nbsp; 200\u20ac.<\/li><\/ul>\n\n\n\n<p>Kartassa n\u00e4kyy toteutunut reitti:<\/p>\n\n\n\n<iframe loading=\"lazy\" src=\"https:\/\/dima.fi\/map\/route.php?start=2011-05-26&amp;end=2011-06-05\" width=\"100%\" height=\"250\"><\/iframe>\n\n\n\n<p><strong>[P\u00e4ivitys 19.7.2011]<\/strong><\/p>\n\n\n\n<p>Valokuvia reissusta voi katsella <a href=\"https:\/\/foto.dima.fi\/Travel\/Norway-2605-05062011\" target=\"_blank\" rel=\"noreferrer noopener\" aria-label=\"galleriassa (opens in a new tab)\">galleriassa<\/a>.<strong><br><\/strong><\/p>\n","protected":false},"excerpt":{"rendered":"<p>25.5.-5.6.2011 Elinan opiskelukaveri Gailella p\u00e4\u00e4tyv\u00e4t opinnot Norjan Oslossa, joten h\u00e4net pit\u00e4\u00e4 hakea pois. Mietittiin, ett\u00e4 samalla voisi tehd\u00e4 seikkailureissun pitkin Norjaa. Mukana on my\u00f6s Amanda. Eli porukka on sama kuin viime kes\u00e4n Mordvan reissulla, josta valitettavasti ei j\u00e4\u00e4nyt mink\u00e4\u00e4nlaista matkablogia. Nyt on tarkoitus patistaa tytt\u00f6j\u00e4 kirjoittamaan aktiivisesti. Itse kun tulen olemaan suurimman osan ajasta ratin [&hellip;]<\/p>\n","protected":false},"author":1,"featured_media":0,"parent":1370,"menu_order":6,"comment_status":"closed","ping_status":"open","template":"","meta":{"footnotes":""},"class_list":["post-528","page","type-page","status-publish","hentry","missing-thumbnail"],"_links":{"self":[{"href":"https:\/\/dima.fi\/blog\/wp-json\/wp\/v2\/pages\/528","targetHints":{"allow":["GET"]}}],"collection":[{"href":"https:\/\/dima.fi\/blog\/wp-json\/wp\/v2\/pages"}],"about":[{"href":"https:\/\/dima.fi\/blog\/wp-json\/wp\/v2\/types\/page"}],"author":[{"embeddable":true,"href":"https:\/\/dima.fi\/blog\/wp-json\/wp\/v2\/users\/1"}],"replies":[{"embeddable":true,"href":"https:\/\/dima.fi\/blog\/wp-json\/wp\/v2\/comments?post=528"}],"version-history":[{"count":4,"href":"https:\/\/dima.fi\/blog\/wp-json\/wp\/v2\/pages\/528\/revisions"}],"predecessor-version":[{"id":2328,"href":"https:\/\/dima.fi\/blog\/wp-json\/wp\/v2\/pages\/528\/revisions\/2328"}],"up":[{"embeddable":true,"href":"https:\/\/dima.fi\/blog\/wp-json\/wp\/v2\/pages\/1370"}],"wp:attachment":[{"href":"https:\/\/dima.fi\/blog\/wp-json\/wp\/v2\/media?parent=528"}],"curies":[{"name":"wp","href":"https:\/\/api.w.org\/{rel}","templated":true}]}}