{"id":368,"date":"2011-05-11T04:31:33","date_gmt":"2011-05-11T04:31:33","guid":{"rendered":"http:\/\/matkalla.dima.fi\/?page_id=368"},"modified":"2020-03-04T23:08:09","modified_gmt":"2020-03-04T21:08:09","slug":"2009-keskitysleirireissu","status":"publish","type":"page","link":"https:\/\/dima.fi\/blog\/matkalla\/2009-keskitysleirireissu\/","title":{"rendered":"2009 Keskitysleirireissu"},"content":{"rendered":"\n<div class=\"wp-block-button\"><a class=\"wp-block-button__link has-background has-vivid-red-background-color\" href=\"http:\/\/dima.fi\/blog\/posts\/2009-keskitysleirireissu\/\">Blogipostaukset<\/a><\/div>\n\n\n\n<p><strong>30.4.-10.5.2009<\/strong><\/p>\n\n\n\n<p>On aika uudelle reissulle, mutta mik\u00e4s kohde? Kahden kiinnosteneen yst\u00e4v\u00e4n kanssa mietittiin, ett\u00e4 keskitysleiriteema voisi olla mielenkiintoinen. Joten siit\u00e4 t\u00e4m\u00e4 l\u00e4hti. Ajankohdaksi valittiin kaikille sopiva huhtikuun ja toukokuun vaihde. Eih\u00e4n Vappuna ole mit\u00e4\u00e4n tekemist\u00e4 \ud83d\ude09<br>T\u00e4ss\u00e4 on alustava reitti:<\/p>\n\n\n\n<iframe loading=\"lazy\" src=\"https:\/\/dima.fi\/map\/kartta_kml.php?kml=2009-keskitysleirireissu\" width=\"100%\" height=\"250\"><\/iframe>\n\n\n\n<p>Meit\u00e4 on siis min\u00e4 (Dima T.), Eero K. ja Jussi J., joka missasi edellisen Ven\u00e4j\u00e4n reissun hukkuneen passinsa takia. Olemme valokuvaajia, joten ei tarvitse ihmetell\u00e4 miksi t\u00e4ll\u00e4inen reissuidea on syntynyt.<br>Kohteina ovat Treblinka (Puola), Auschwitz (Puola), Mauthausen (It\u00e4valta), Dachau (Saksa). Matkan maa-akseli on seuraavanlainen: Suomi-Ven\u00e4j\u00e4-Viro-Latvia-Liettua-Puola-Slovakia-It\u00e4valta-Saksa-Suomi. Matkaa kertyy noin 4000 kilometri\u00e4.<br>&#8212;&#8212;&#8211;<br>P\u00e4ivitys 27.4.2009: Matkalle l\u00e4htee nelj\u00e4s henkil\u00f6 Juho J., joka hypp\u00e4\u00e4 messiin Virossa.<br>&#8212;&#8212;&#8211;<br>P\u00e4ivitys 4.5.2009:<br>Diman galleria osoitteessa: <a href=\"https:\/\/foto.dima.fi\/Travel\/Roadtrip-concentration-camps-304-1052009\">https:\/\/foto.dima.fi\/Travel\/Roadtrip-concentration-camps-304-1052009<\/a><br>Jussin galleria osoitteessa: <a href=\"http:\/\/jaurola.fi\/galleria\/\">http:\/\/jaurola.fi\/galleria\/<\/a><br>Eeron kuvat loytyvat <a href=\"http:\/\/www.facebook.com\/profile.php?id=1080380641&amp;ref=ts#\/album.php?aid=20920&amp;id=1080380641\">facebookista<\/a><br>Juhon kuvat: <a title=\"http:\/\/picasaweb.google.fi\/juntunen.juho\/AutollaEuroopassa?authkey=Gv1sRgCJChu6CS58jNSw#\" href=\"http:\/\/picasaweb.google.fi\/juntunen.juho\/AutollaEuroopassa?authkey=Gv1sRgCJChu6CS58jNSw#\">http:\/\/picasaweb.google.fi\/juntunen.juho\/AutollaEuroopassa?authkey=Gv1sRgCJChu6CS58jNSw#<\/a><\/p>\n","protected":false},"excerpt":{"rendered":"<p>30.4.-10.5.2009 On aika uudelle reissulle, mutta mik\u00e4s kohde? Kahden kiinnosteneen yst\u00e4v\u00e4n kanssa mietittiin, ett\u00e4 keskitysleiriteema voisi olla mielenkiintoinen. Joten siit\u00e4 t\u00e4m\u00e4 l\u00e4hti. Ajankohdaksi valittiin kaikille sopiva huhtikuun ja toukokuun vaihde. Eih\u00e4n Vappuna ole mit\u00e4\u00e4n tekemist\u00e4 \ud83d\ude09T\u00e4ss\u00e4 on alustava reitti: Meit\u00e4 on siis min\u00e4 (Dima T.), Eero K. ja Jussi J., joka missasi edellisen Ven\u00e4j\u00e4n reissun [&hellip;]<\/p>\n","protected":false},"author":1,"featured_media":0,"parent":1370,"menu_order":7,"comment_status":"closed","ping_status":"open","template":"","meta":{"footnotes":""},"class_list":["post-368","page","type-page","status-publish","hentry","missing-thumbnail"],"_links":{"self":[{"href":"https:\/\/dima.fi\/blog\/wp-json\/wp\/v2\/pages\/368","targetHints":{"allow":["GET"]}}],"collection":[{"href":"https:\/\/dima.fi\/blog\/wp-json\/wp\/v2\/pages"}],"about":[{"href":"https:\/\/dima.fi\/blog\/wp-json\/wp\/v2\/types\/page"}],"author":[{"embeddable":true,"href":"https:\/\/dima.fi\/blog\/wp-json\/wp\/v2\/users\/1"}],"replies":[{"embeddable":true,"href":"https:\/\/dima.fi\/blog\/wp-json\/wp\/v2\/comments?post=368"}],"version-history":[{"count":3,"href":"https:\/\/dima.fi\/blog\/wp-json\/wp\/v2\/pages\/368\/revisions"}],"predecessor-version":[{"id":2329,"href":"https:\/\/dima.fi\/blog\/wp-json\/wp\/v2\/pages\/368\/revisions\/2329"}],"up":[{"embeddable":true,"href":"https:\/\/dima.fi\/blog\/wp-json\/wp\/v2\/pages\/1370"}],"wp:attachment":[{"href":"https:\/\/dima.fi\/blog\/wp-json\/wp\/v2\/media?parent=368"}],"curies":[{"name":"wp","href":"https:\/\/api.w.org\/{rel}","templated":true}]}}