{"id":285,"date":"2011-05-11T03:55:43","date_gmt":"2011-05-11T03:55:43","guid":{"rendered":"http:\/\/matkalla.dima.fi\/?page_id=285"},"modified":"2020-03-04T23:31:16","modified_gmt":"2020-03-04T21:31:16","slug":"2008-venaja","status":"publish","type":"page","link":"https:\/\/dima.fi\/blog\/matkalla\/2008-venaja\/","title":{"rendered":"2008 Ven\u00e4j\u00e4"},"content":{"rendered":"\n<div class=\"wp-block-button\"><a class=\"wp-block-button__link has-background has-vivid-red-background-color\" href=\"http:\/\/dima.fi\/blog\/posts\/2008-venaja\/\">Blogipostaukset<\/a><\/div>\n\n\n\n<p><strong>17-26.10.2008<\/strong><\/p>\n\n\n\n<p>Edellisell\u00e4 reissulla ostin kahdet kes\u00e4renkaat, jotka osoittautuivat kest\u00e4vilt\u00e4. Joten ajattelin tekev\u00e4ni syskyll\u00e4 pienen lenkin Pietariin ostaakseen talvirenkaitakin. Kerroin asiasta parille kaverille. Jotka innostuivat asiasta niin paljon, ett\u00e4 p\u00e4\u00e4tettiin tehd\u00e4 isompi reissu. Loppu tuloksena on 10 p\u00e4iv\u00e4n reissu, jossa kulutetaan kumeja yli 2000km matkalla. Matkaan l\u00e4htee 4 henkil\u00f6\u00e4, joten takakontissa tuskin j\u00e4\u00e4 tilaa uusille talvirenkaille. Mutta eip\u00e4 niit\u00e4 tarvitsekaan hankkia Ven\u00e4j\u00e4lt\u00e4, kun saan ne alennuksella kauppiaalta, jolta ostin Skodani.<\/p>\n\n\n\n<p>Reitti kulkee Pietarin, Velikie Lukin, Moskovan ja Novgorodin kautta, jonka j\u00e4lkeen palataan Helsinkiin Pietarin kautta. Majoitukset meill\u00e4 on kaikissa kaupungeissa sukulaisilla, paitsi Novgorodissa. Joten Moskova-Pietari paluumatkasta tulee olemaan pisin yhteen mittaan ajettava.<\/p>\n\n\n\n<p>Alustava aikataulu olisi t\u00e4ll\u00e4inen:<\/p>\n\n\n\n<ul class=\"wp-block-list\"><li>pe 17.10. Helsinki &#8211; Pietari (400km)<\/li><li>la 18.10. Pietari<\/li><li>su 19.10. Pietari<\/li><li>ma 20.10. Pietari &#8211; Velikie Luki (550km)<\/li><li>ti 21.10. Velikie Luki<\/li><li>ke 22.10. Velikie Luki &#8211; Moskova (500km)<\/li><li>to 23.10. Moskova<\/li><li>pe 24.10. Moskova<\/li><li>la 25.10. Moskova &#8211; Novgorod &#8211; Pietari (700km)<\/li><li>su 26.10. Pietari &#8211; Helsinki (400km)<\/li><\/ul>\n\n\n\n<p>Reissussa mukana Eero K, Jussi J, Eerik K ja min\u00e4 Dima. Eerikin kanssa olemme tehneet reissun Chernobyliin, jos jollekulle j\u00e4i nimi mieleen.<\/p>\n\n\n\n<p>Reissu ei ole suoraviivaista kaupunkien v\u00e4lill\u00e4. Vaan pipahdetaan kyliss\u00e4 ja erilaisissa kohteissa. Matkalla Velikie Lukiin k\u00e4yd\u00e4\u00e4n katsomassa ven\u00e4l\u00e4isen kuuluisan runoilijan A.S. Pushkinin kotikartanoon. Siell\u00e4 syntyi monelle tuttu teos Eugeni Onegin.<\/p>\n\n\n\n<p>Matkalla Moskovaan k\u00e4yd\u00e4\u00e4n Belyi (Valkoinen) pikkukyl\u00e4ss\u00e4, jossa olen viett\u00e4nyt monet lapsuuden kes\u00e4t isoisovanhemmilla. Saas n\u00e4hd\u00e4 onko siit\u00e4 mit\u00e4\u00e4n j\u00e4ljell\u00e4.<\/p>\n\n\n\n<p>Paluumatkalla Pietariin ajetaan Tverin ja Novgorodin kautta. Novgorodissa on paljon s\u00e4ilyneit\u00e4 puukirkkoja, joita on rakennettu pelk\u00e4ll\u00e4 kirveell\u00e4. Toivottavasti saan jostain ohjeet miten sinne l\u00f6yt\u00e4isiin.<\/p>\n\n\n\n<p>Matkan varrella tulee varmasti sattumaan ja tapahtumaan, joten yrit\u00e4mme pit\u00e4\u00e4 blogia mahdollisimman aktiivisena.<\/p>\n","protected":false},"excerpt":{"rendered":"<p>17-26.10.2008 Edellisell\u00e4 reissulla ostin kahdet kes\u00e4renkaat, jotka osoittautuivat kest\u00e4vilt\u00e4. Joten ajattelin tekev\u00e4ni syskyll\u00e4 pienen lenkin Pietariin ostaakseen talvirenkaitakin. Kerroin asiasta parille kaverille. Jotka innostuivat asiasta niin paljon, ett\u00e4 p\u00e4\u00e4tettiin tehd\u00e4 isompi reissu. Loppu tuloksena on 10 p\u00e4iv\u00e4n reissu, jossa kulutetaan kumeja yli 2000km matkalla. Matkaan l\u00e4htee 4 henkil\u00f6\u00e4, joten takakontissa tuskin j\u00e4\u00e4 tilaa uusille talvirenkaille. [&hellip;]<\/p>\n","protected":false},"author":1,"featured_media":0,"parent":1370,"menu_order":8,"comment_status":"closed","ping_status":"closed","template":"","meta":{"footnotes":""},"class_list":["post-285","page","type-page","status-publish","hentry","missing-thumbnail"],"_links":{"self":[{"href":"https:\/\/dima.fi\/blog\/wp-json\/wp\/v2\/pages\/285","targetHints":{"allow":["GET"]}}],"collection":[{"href":"https:\/\/dima.fi\/blog\/wp-json\/wp\/v2\/pages"}],"about":[{"href":"https:\/\/dima.fi\/blog\/wp-json\/wp\/v2\/types\/page"}],"author":[{"embeddable":true,"href":"https:\/\/dima.fi\/blog\/wp-json\/wp\/v2\/users\/1"}],"replies":[{"embeddable":true,"href":"https:\/\/dima.fi\/blog\/wp-json\/wp\/v2\/comments?post=285"}],"version-history":[{"count":2,"href":"https:\/\/dima.fi\/blog\/wp-json\/wp\/v2\/pages\/285\/revisions"}],"predecessor-version":[{"id":2330,"href":"https:\/\/dima.fi\/blog\/wp-json\/wp\/v2\/pages\/285\/revisions\/2330"}],"up":[{"embeddable":true,"href":"https:\/\/dima.fi\/blog\/wp-json\/wp\/v2\/pages\/1370"}],"wp:attachment":[{"href":"https:\/\/dima.fi\/blog\/wp-json\/wp\/v2\/media?parent=285"}],"curies":[{"name":"wp","href":"https:\/\/api.w.org\/{rel}","templated":true}]}}