{"id":2754,"date":"2020-09-01T22:57:47","date_gmt":"2020-09-01T19:57:47","guid":{"rendered":"http:\/\/dima.fi\/blog\/?page_id=2754"},"modified":"2020-09-02T13:51:30","modified_gmt":"2020-09-02T10:51:30","slug":"2020-karhunkierros","status":"publish","type":"page","link":"https:\/\/dima.fi\/blog\/matkalla\/2020-karhunkierros\/","title":{"rendered":"2020 Karhunkierros"},"content":{"rendered":"\n<div class=\"wp-block-buttons is-layout-flex wp-block-buttons-is-layout-flex\">\n<div class=\"wp-block-button\"><a class=\"wp-block-button__link has-vivid-red-background-color has-background\" href=\"http:\/\/dima.fi\/blog\/posts\/2020-karhunkierros\/\">Blogipostaukset<\/a><\/div>\n<\/div>\n\n\n\n<p>Sit\u00e4 on 5 vuotta aikaa kun viimeksi k\u00e4vin vaeltamassa. Kev\u00e4\u00e4ll\u00e4 pojat (Eero ja Jussi) heittiv\u00e4t ilmaan idean kokopitk\u00e4n Karhunkierroksen l\u00e4pivaeltamisesta Oulangan kansallispuistossa. Parin kuukauden hautomisen j\u00e4lkeen idea kuulostaakin eritt\u00e4in hyv\u00e4lt\u00e4. Saatiin my\u00f6s Anttikin mukaan. Nelj\u00e4n miehen voimin siis l\u00e4hdet\u00e4\u00e4n Lappiin.<\/p>\n\n\n\n<p>Ajankohdaksi valittiin syyskuun toinen viikko viikonlopusta viikonloppuun. <\/p>\n\n\n\n<ul class=\"wp-block-list\"><li>La 5.9. Kuusamoon, jossa y\u00f6vyt\u00e4\u00e4n hotellissa<\/li><li>Su 6.9. Auto j\u00e4tet\u00e4\u00e4n Rukalle, josta taksilla Hautaj\u00e4rvelle ja l\u00e4ht\u00f6 maastoon.<\/li><li>La 12.9. Saapuminen Rukalle, jossa y\u00f6vyt\u00e4\u00e4n hotellissa<\/li><li>Su 13.9. Kotiin<\/li><\/ul>\n\n\n\n<p>5 y\u00f6t\u00e4 vietet\u00e4\u00e4n teltoissa ja yksi tuvassa. Matkan puolessa v\u00e4liss\u00e4, Kultak\u00f6nk\u00e4\u00e4n kohdalla vuokrataan kaksi kanoottia ja melotaan 26km Oulankajoessa J\u00e4k\u00e4l\u00e4mutkaan asti. Pys\u00e4hdyt\u00e4\u00e4n rentoutumaan Aittaniityll\u00e4 l\u00f6ylyjen kanssa. <\/p>\n\n\n\n<figure class=\"wp-block-image size-large\"><a href=\"http:\/\/dima.fi\/blog\/wp-content\/uploads\/2020\/08\/Kartta-Oulanka-Karhunkierros.jpg\"><img loading=\"lazy\" decoding=\"async\" width=\"724\" height=\"1024\" src=\"http:\/\/dima.fi\/blog\/wp-content\/uploads\/2020\/08\/Kartta-Oulanka-Karhunkierros-724x1024.jpg\" alt=\"\" class=\"wp-image-2736\" srcset=\"https:\/\/dima.fi\/blog\/wp-content\/uploads\/2020\/08\/Kartta-Oulanka-Karhunkierros-724x1024.jpg 724w, https:\/\/dima.fi\/blog\/wp-content\/uploads\/2020\/08\/Kartta-Oulanka-Karhunkierros-212x300.jpg 212w, https:\/\/dima.fi\/blog\/wp-content\/uploads\/2020\/08\/Kartta-Oulanka-Karhunkierros-768x1085.jpg 768w, https:\/\/dima.fi\/blog\/wp-content\/uploads\/2020\/08\/Kartta-Oulanka-Karhunkierros.jpg 1045w\" sizes=\"auto, (max-width: 724px) 100vw, 724px\" \/><\/a><figcaption><a href=\"kartat ja kulkuyhteydet\" target=\"_blank\" rel=\"noreferrer noopener\">Karhunkierros: kartat ja kulkuyhteydet<\/a><\/figcaption><\/figure>\n\n\n\n<p><\/p>\n","protected":false},"excerpt":{"rendered":"<p>Sit\u00e4 on 5 vuotta aikaa kun viimeksi k\u00e4vin vaeltamassa. Kev\u00e4\u00e4ll\u00e4 pojat (Eero ja Jussi) heittiv\u00e4t ilmaan idean kokopitk\u00e4n Karhunkierroksen l\u00e4pivaeltamisesta Oulangan kansallispuistossa. Parin kuukauden hautomisen j\u00e4lkeen idea kuulostaakin eritt\u00e4in hyv\u00e4lt\u00e4. Saatiin my\u00f6s Anttikin mukaan. Nelj\u00e4n miehen voimin siis l\u00e4hdet\u00e4\u00e4n Lappiin. Ajankohdaksi valittiin syyskuun toinen viikko viikonlopusta viikonloppuun. La 5.9. Kuusamoon, jossa y\u00f6vyt\u00e4\u00e4n hotellissa Su 6.9. [&hellip;]<\/p>\n","protected":false},"author":1,"featured_media":0,"parent":1370,"menu_order":0,"comment_status":"open","ping_status":"closed","template":"","meta":{"footnotes":""},"class_list":["post-2754","page","type-page","status-publish","hentry","missing-thumbnail"],"_links":{"self":[{"href":"https:\/\/dima.fi\/blog\/wp-json\/wp\/v2\/pages\/2754","targetHints":{"allow":["GET"]}}],"collection":[{"href":"https:\/\/dima.fi\/blog\/wp-json\/wp\/v2\/pages"}],"about":[{"href":"https:\/\/dima.fi\/blog\/wp-json\/wp\/v2\/types\/page"}],"author":[{"embeddable":true,"href":"https:\/\/dima.fi\/blog\/wp-json\/wp\/v2\/users\/1"}],"replies":[{"embeddable":true,"href":"https:\/\/dima.fi\/blog\/wp-json\/wp\/v2\/comments?post=2754"}],"version-history":[{"count":4,"href":"https:\/\/dima.fi\/blog\/wp-json\/wp\/v2\/pages\/2754\/revisions"}],"predecessor-version":[{"id":2875,"href":"https:\/\/dima.fi\/blog\/wp-json\/wp\/v2\/pages\/2754\/revisions\/2875"}],"up":[{"embeddable":true,"href":"https:\/\/dima.fi\/blog\/wp-json\/wp\/v2\/pages\/1370"}],"wp:attachment":[{"href":"https:\/\/dima.fi\/blog\/wp-json\/wp\/v2\/media?parent=2754"}],"curies":[{"name":"wp","href":"https:\/\/api.w.org\/{rel}","templated":true}]}}