{"id":274,"date":"2011-05-11T03:20:26","date_gmt":"2011-05-11T03:20:26","guid":{"rendered":"http:\/\/matkalla.dima.fi\/?page_id=274"},"modified":"2020-03-04T23:58:48","modified_gmt":"2020-03-04T21:58:48","slug":"2008-karjalankannas","status":"publish","type":"page","link":"https:\/\/dima.fi\/blog\/matkalla\/2008-karjalankannas\/","title":{"rendered":"2008 Karjalankannas"},"content":{"rendered":"\n<div class=\"wp-block-button\"><a class=\"wp-block-button__link\" href=\"http:\/\/dima.fi\/blog\/posts\/2008-karjalankannas\/\">Blogipostaukset<\/a><\/div>\n\n\n\n<p><strong>24-28.7.2008<\/strong><\/p>\n\n\n\n<p>Ensimm\u00e4inen reissu Ven\u00e4j\u00e4lle omalla autolla. Yst\u00e4v\u00e4ni Antin kanssa l\u00e4hdet\u00e4\u00e4n Viipurin alla olevaan is\u00e4ni m\u00f6kille viett\u00e4m\u00e4\u00e4n viikonloppua. Perjantaina k\u00e4yd\u00e4\u00e4n Petarissa tapaamaan hyv\u00e4\u00e4 yst\u00e4v\u00e4\u00e4ni p\u00e4iv\u00e4kotiajoilta ja sitten yhden p\u00e4iv\u00e4n seikkailu Karjalankannaksen etel\u00e4osissa.<\/p>\n","protected":false},"excerpt":{"rendered":"<p>24-28.7.2008 Ensimm\u00e4inen reissu Ven\u00e4j\u00e4lle omalla autolla. Yst\u00e4v\u00e4ni Antin kanssa l\u00e4hdet\u00e4\u00e4n Viipurin alla olevaan is\u00e4ni m\u00f6kille viett\u00e4m\u00e4\u00e4n viikonloppua. Perjantaina k\u00e4yd\u00e4\u00e4n Petarissa tapaamaan hyv\u00e4\u00e4 yst\u00e4v\u00e4\u00e4ni p\u00e4iv\u00e4kotiajoilta ja sitten yhden p\u00e4iv\u00e4n seikkailu Karjalankannaksen etel\u00e4osissa.<\/p>\n","protected":false},"author":1,"featured_media":0,"parent":1370,"menu_order":9,"comment_status":"closed","ping_status":"closed","template":"","meta":{"footnotes":""},"class_list":["post-274","page","type-page","status-publish","hentry","missing-thumbnail"],"_links":{"self":[{"href":"https:\/\/dima.fi\/blog\/wp-json\/wp\/v2\/pages\/274","targetHints":{"allow":["GET"]}}],"collection":[{"href":"https:\/\/dima.fi\/blog\/wp-json\/wp\/v2\/pages"}],"about":[{"href":"https:\/\/dima.fi\/blog\/wp-json\/wp\/v2\/types\/page"}],"author":[{"embeddable":true,"href":"https:\/\/dima.fi\/blog\/wp-json\/wp\/v2\/users\/1"}],"replies":[{"embeddable":true,"href":"https:\/\/dima.fi\/blog\/wp-json\/wp\/v2\/comments?post=274"}],"version-history":[{"count":2,"href":"https:\/\/dima.fi\/blog\/wp-json\/wp\/v2\/pages\/274\/revisions"}],"predecessor-version":[{"id":2331,"href":"https:\/\/dima.fi\/blog\/wp-json\/wp\/v2\/pages\/274\/revisions\/2331"}],"up":[{"embeddable":true,"href":"https:\/\/dima.fi\/blog\/wp-json\/wp\/v2\/pages\/1370"}],"wp:attachment":[{"href":"https:\/\/dima.fi\/blog\/wp-json\/wp\/v2\/media?parent=274"}],"curies":[{"name":"wp","href":"https:\/\/api.w.org\/{rel}","templated":true}]}}