{"id":1963,"date":"2011-05-10T23:06:38","date_gmt":"2011-05-10T23:06:38","guid":{"rendered":"http:\/\/matkalla.dima.fi\/?page_id=67"},"modified":"2020-03-05T00:02:46","modified_gmt":"2020-03-04T22:02:46","slug":"2008-chernobyl","status":"publish","type":"page","link":"https:\/\/dima.fi\/blog\/matkalla\/2008-chernobyl\/","title":{"rendered":"2008 Chernobyl"},"content":{"rendered":"\n<div class=\"wp-block-button\"><a class=\"wp-block-button__link has-background has-vivid-red-background-color\" href=\"http:\/\/dima.fi\/blog\/posts\/2008-chernobyl\/\">Blogipostaukset<\/a><\/div>\n\n\n\n<p><strong>15-24.2.2008<\/strong><\/p>\n\n\n\n<p>Oli vuosi 2008 ja m\u00e4rk\u00e4 tammikuu. Min\u00e4 (Dima T.) sain yst\u00e4v\u00e4lt\u00e4ni (Eerik K.) houkuttelevan kutsun l\u00e4hte\u00e4 reissulle kohti Chernobylia. Meid\u00e4n lis\u00e4ksi l\u00e4htiv\u00e4t Eerikin tytt\u00f6yst\u00e4v\u00e4 (Laura P.) ja yst\u00e4v\u00e4ns\u00e4 (Sami V.).<\/p>\n\n\n\n<p>Meist\u00e4 l\u00e4hes kaikki harrastavat valokuvausta ja p\u00e4\u00e4kohteena on Chernobylin kuollut kaupunki Pripyat, joka on sopivan harvinaislaatuinen paikka maailmassa. Reissun olennainen kulkuv\u00e4line on auto ja ajankohdaksi p\u00e4\u00e4tettiin sopivasti hiihtolomalle 15-24.2.2008.<\/p>\n\n\n\n<p><strong>Lis\u00e4ys:<\/strong> Valokuvat l\u00f6ytyv\u00e4t galleriastani osoitteessa: <a title=\"galleria.dima.fi: Helsinki-Chernobyl-Helsinki\" href=\"http:\/\/galleria.dima.fi\/Travel\/2008-02-15-22_Helsinki-Chernobyl-Helsinki\" target=\"_blank\" rel=\"noopener noreferrer\">http:\/\/galleria.dima.fi\/Travel\/2008-02-15-22_Helsinki-Chernobyl-Helsinki<\/a><\/p>\n","protected":false},"excerpt":{"rendered":"<p>15-24.2.2008 Oli vuosi 2008 ja m\u00e4rk\u00e4 tammikuu. Min\u00e4 (Dima T.) sain yst\u00e4v\u00e4lt\u00e4ni (Eerik K.) houkuttelevan kutsun l\u00e4hte\u00e4 reissulle kohti Chernobylia. Meid\u00e4n lis\u00e4ksi l\u00e4htiv\u00e4t Eerikin tytt\u00f6yst\u00e4v\u00e4 (Laura P.) ja yst\u00e4v\u00e4ns\u00e4 (Sami V.). Meist\u00e4 l\u00e4hes kaikki harrastavat valokuvausta ja p\u00e4\u00e4kohteena on Chernobylin kuollut kaupunki Pripyat, joka on sopivan harvinaislaatuinen paikka maailmassa. Reissun olennainen kulkuv\u00e4line on auto ja [&hellip;]<\/p>\n","protected":false},"author":1,"featured_media":0,"parent":1370,"menu_order":10,"comment_status":"closed","ping_status":"closed","template":"","meta":{"footnotes":""},"class_list":["post-1963","page","type-page","status-publish","hentry","missing-thumbnail"],"_links":{"self":[{"href":"https:\/\/dima.fi\/blog\/wp-json\/wp\/v2\/pages\/1963","targetHints":{"allow":["GET"]}}],"collection":[{"href":"https:\/\/dima.fi\/blog\/wp-json\/wp\/v2\/pages"}],"about":[{"href":"https:\/\/dima.fi\/blog\/wp-json\/wp\/v2\/types\/page"}],"author":[{"embeddable":true,"href":"https:\/\/dima.fi\/blog\/wp-json\/wp\/v2\/users\/1"}],"replies":[{"embeddable":true,"href":"https:\/\/dima.fi\/blog\/wp-json\/wp\/v2\/comments?post=1963"}],"version-history":[{"count":2,"href":"https:\/\/dima.fi\/blog\/wp-json\/wp\/v2\/pages\/1963\/revisions"}],"predecessor-version":[{"id":2333,"href":"https:\/\/dima.fi\/blog\/wp-json\/wp\/v2\/pages\/1963\/revisions\/2333"}],"up":[{"embeddable":true,"href":"https:\/\/dima.fi\/blog\/wp-json\/wp\/v2\/pages\/1370"}],"wp:attachment":[{"href":"https:\/\/dima.fi\/blog\/wp-json\/wp\/v2\/media?parent=1963"}],"curies":[{"name":"wp","href":"https:\/\/api.w.org\/{rel}","templated":true}]}}