{"id":1663,"date":"2015-08-10T22:53:47","date_gmt":"2015-08-10T19:53:47","guid":{"rendered":"http:\/\/matkalla.dima.fi\/?page_id=1663"},"modified":"2020-02-29T12:31:50","modified_gmt":"2020-02-29T10:31:50","slug":"2015-alpit","status":"publish","type":"page","link":"https:\/\/dima.fi\/blog\/matkalla\/2015-alpit\/","title":{"rendered":"2015 Alpit"},"content":{"rendered":"\n<div class=\"wp-block-button\"><a class=\"wp-block-button__link has-background has-vivid-red-background-color\" href=\"http:\/\/dima.fi\/blog\/posts\/2015-alpit\/\">Blogipostaukset<\/a><\/div>\n\n\n\n<p>Taas on aika l\u00e4hte\u00e4 Alpeille. Lentoliputkin on jo olemassa ja seura on tuttu ja turvallinen Fox. My\u00f6s Foxin is\u00e4, Kimmo, l\u00e4htee mukaan seuraksi. Ei&nbsp;tosin ole mukana kiipe\u00e4m\u00e4ss\u00e4 p\u00e4\u00e4kohteissa.<\/p>\n\n\n\n<p>Suunnitelmissa on viett\u00e4\u00e4 kaksi viikkoa Alpeilla. Viikko Saksassa, tutussa&nbsp;<a rel=\"noopener noreferrer\" href=\"http:\/\/www.gapa.de\/Town+Region\" target=\"_blank\">Garmisch-Partenkirchenissa<\/a>. Toinen viikko vietet\u00e4\u00e4n Sveitsiss\u00e4, Zermatt kyl\u00e4ss\u00e4. Zermatt on mielenkiintoinen paikka, johon autolla ei p\u00e4\u00e4se.<\/p>\n\n\n\n<figure class=\"wp-block-image size-large is-style-default\"><img decoding=\"async\" src=\"https:\/\/live.staticflickr.com\/8017\/7617115648_2edd1dbeec_b.jpg\" alt=\"\"\/><figcaption><strong>Jubil\u00e4umsgrat<\/strong> Photo credit:&nbsp;<a rel=\"noreferrer noopener\" href=\"https:\/\/www.flickr.com\/photos\/winterho\/\" target=\"_blank\">2undsiebzig.de<\/a><\/figcaption><\/figure>\n\n\n\n<p>Ensimm\u00e4isen viikon ykk\u00f6skohde on <a href=\"https:\/\/en.wikipedia.org\/wiki\/Jubil%C3%A4umsgrat\" target=\"_blank\" rel=\"noopener noreferrer\">Jubil\u00e4umsgrat<\/a>, joka on noin 6km pitk\u00e4 harjanne Saksan kahden korkeimman vuoren v\u00e4lill\u00e4, <a href=\"https:\/\/fi.wikipedia.org\/wiki\/Zugspitze\" target=\"_blank\" rel=\"noopener noreferrer\">Zugspitze<\/a>&nbsp;(2962m) ja <a href=\"https:\/\/de.wikipedia.org\/wiki\/Alpspitze\" target=\"_blank\" rel=\"noopener noreferrer\">Alpspitze<\/a>&nbsp;(2628m). Tosin harjanne p\u00e4\u00e4tyy virallisesti&nbsp;<a href=\"https:\/\/en.wikipedia.org\/wiki\/Hochblassen\" target=\"_blank\" rel=\"noopener noreferrer\">Hochblassen<\/a>&nbsp;(2706m) huippuun, josta reitti jatkuu Alpspitzelle. Vaikka reitti on ment\u00e4viss\u00e4 noin 10 tunnissa, suunnitellaan tosin menn\u00e4 reitti ns. kahdessa osassa ja y\u00f6py\u00e4 puolessa v\u00e4liss\u00e4.<\/p>\n\n\n\n<p>Zugspitzelle ja Alpspitzelle ollaan noustu <a href=\"http:\/\/dima.fi\/blog\/matkalla\/2013-alpit\/\">viime reissulla<\/a>, vuonna 2013. Jubil\u00e4umsgrat on j\u00e4\u00e4nyt toteutumatta huonojen s\u00e4iden takia. Joten siit\u00e4 tuli ensimm\u00e4isen viikon p\u00e4\u00e4kohde. Jos sattuu useampi hyv\u00e4\u00e4 p\u00e4iv\u00e4\u00e4, niin toki k\u00e4yd\u00e4\u00e4n nousemassa muille vuorille. Niist\u00e4 p\u00e4\u00e4tet\u00e4\u00e4n improten paikan p\u00e4\u00e4ll\u00e4.<\/p>\n\n\n\n<figure class=\"wp-block-image size-large is-style-default\"><img decoding=\"async\" src=\"https:\/\/photos.smugmug.com\/Travel\/Alps-2015\/Monte-Rosa-26-2782015\/i-6BXshfh\/0\/8af5abcf\/XL\/20946047745-XL.jpg\" alt=\"\"\/><figcaption>Dufourspitze<\/figcaption><\/figure>\n\n\n\n<p>Toisen viikon p\u00e4\u00e4tavoite on Sveitsin korkein huippu <a href=\"https:\/\/fi.wikipedia.org\/wiki\/Dufourspitze\" target=\"_blank\" rel=\"noopener noreferrer\">Dufourspitze<\/a> (4634m), joka on Alppien toiseksi korkein vuori. Sen aikataulu on hyvinkin haastava. Sill\u00e4 vuoren juurelle p\u00e4\u00e4see vain junalla, jonka&nbsp;aikataulut aiheuttavat haasteita. Alustava suunnitelma on nousta ensimm\u00e4isen\u00e4 p\u00e4iv\u00e4n\u00e4 <a href=\"https:\/\/en.wikipedia.org\/wiki\/Monte_Rosa_Hut\" target=\"_blank\" rel=\"noopener noreferrer\">Monte Rosa alppimajalle<\/a>, joka on 2795 metrin korkeudessa. Majalla vietetyn y\u00f6n j\u00e4lkeen&nbsp;jatketaan huipulle asti.<br>Haasteet tulevat laskeutumisen aikana. Sill\u00e4 viimeiseen junaan on ehditt\u00e4v\u00e4 tai sitten joutuu viett\u00e4m\u00e4\u00e4n y\u00f6n keskell\u00e4 ei mit\u00e4\u00e4n. Joten jos laskeutuminen ei suju sutjakasti, vietet\u00e4\u00e4n toinen y\u00f6 Monte Rosa majalla.<\/p>\n\n\n\n<p>Sek\u00e4\u00e4n vuori vie koko viikkoa. Joten taaskin sama teema, eli jos on hyvi\u00e4 p\u00e4ivi\u00e4 niin lis\u00e4\u00e4 vuoria naamaan. Mieless\u00e4mme on jo er\u00e4s kohde, <a href=\"https:\/\/en.wikipedia.org\/wiki\/Breithorn\" target=\"_blank\" rel=\"noopener noreferrer\">Breithorn<\/a> (4164m). Siin\u00e4 on rykelm\u00e4 useampia huippuja, joten tavoitteena olisi k\u00e4yd\u00e4 ne kaikki putkeen, tai melkein kaikki. Saa n\u00e4hd\u00e4.<\/p>\n\n\n\n<figure class=\"wp-block-image size-large is-style-default\"><img decoding=\"async\" src=\"https:\/\/photos.smugmug.com\/Travel\/Alps-2015\/Monte-Rosa-26-2782015\/i-GHbT4T2\/0\/7ab4f8b9\/XL\/20946053295-XL.jpg\" alt=\"\"\/><figcaption>Breithorn<\/figcaption><\/figure>\n\n\n\n<p>Lentokoneella saavutaan M\u00fcncheniin, josta junalla saavutaan GaPaan. Viikon j\u00e4lkeen vuokrataan auto ja reissataan Vispiin. Vispissa j\u00e4tet\u00e4\u00e4n auto ja junalla Zermattiin.<br>Luvassa taitaa olla melkoinen auto matka Alppien halki Saksasta Sveitsiin \ud83d\ude42<\/p>\n\n\n\n<p>T\u00e4ss\u00e4 kohteet kartalla:<\/p>\n\n\n\n<iframe loading=\"lazy\" src=\"https:\/\/www.google.com\/maps\/d\/embed?mid=z0xWbfdrgt7s.k8MtIES5T9hA\" width=\"100%\" height=\"400\"><\/iframe>\n\n\n\n<h2 class=\"wp-block-heading\"><b>Yhteenveto toteutuneista nousuista:<\/b><\/h2>\n\n\n\n<h3 class=\"wp-block-heading\"><strong>18.8. Sonnenspitze (2417 m)<\/strong><\/h3>\n\n\n\n<figure class=\"wp-block-image size-large is-style-default\"><img decoding=\"async\" src=\"https:\/\/photos.smugmug.com\/Travel\/Alps-2015\/Sonnenspitze-1882015\/i-6xqb4wG\/0\/ffb9e05e\/XL\/20526802628-XL.jpg\" alt=\"\"\/><figcaption>View from Sonnenspitze<\/figcaption><\/figure>\n\n\n\n<p><a href=\"https:\/\/foto.dima.fi\/Travel\/Alps-2015\/Sonnenspitze-1882015\" target=\"_blank\" rel=\"noreferrer noopener\" aria-label=\" (opens in a new tab)\">Diman valokuvat<br><\/a><a rel=\"noopener noreferrer\" href=\"https:\/\/www.flickr.com\/photos\/jerikofox\/sets\/72157658318294572\" target=\"_blank\">Foxin valokuvat<\/a><br><a rel=\"noopener noreferrer\" href=\"http:\/\/trail.jerikofox.com\/2015\/08\/ehrwalder-sonnenspitze\/\" target=\"_blank\">Foxin artikkeli (eng, fin)<\/a><\/p>\n\n\n\n<h3 class=\"wp-block-heading\"><strong>20.8. St. Martin am Grasberg (1040 m)<\/strong><\/h3>\n\n\n\n<figure class=\"wp-block-image size-large is-style-default\"><img decoding=\"async\" src=\"https:\/\/photos.smugmug.com\/Travel\/Alps-2015\/St-Martin-am-Grasberg-2082015\/i-JjwGwGF\/0\/06ed968f\/XL\/20119286914-XL.jpg\" alt=\"\"\/><figcaption>Garmisch-Partenkirchen from St. Martin<\/figcaption><\/figure>\n\n\n\n<p><a href=\"https:\/\/foto.dima.fi\/Travel\/Alps-2015\/St-Martin-am-Grasberg-2082015\/\" target=\"_blank\" rel=\"noreferrer noopener\" aria-label=\" (opens in a new tab)\">Diman valokuvat<\/a><br><a rel=\"noopener noreferrer\" href=\"http:\/\/trail.jerikofox.com\/2015\/08\/hiking-to-st-martin\/\" target=\"_blank\">Foxin artikkel (eng, fin)<\/a><\/p>\n\n\n\n<h3 class=\"wp-block-heading\"><strong>21-22.8. Jubil\u00e4umsgrat (2628 m,&nbsp;2962 m)<\/strong><\/h3>\n\n\n\n<figure class=\"wp-block-image size-large is-style-default\"><img decoding=\"async\" src=\"https:\/\/photos.smugmug.com\/Travel\/Alps-2015\/Jubil\u00e4umsgrat-21-2282015\/i-Sv9pDWr\/0\/fcca68f3\/XL\/20222512374-XL.jpg\" alt=\"\"\/><figcaption>Jubil\u00e4umsgrat<\/figcaption><\/figure>\n\n\n\n<p><a href=\"https:\/\/foto.dima.fi\/Travel\/Alps-2015\/Jubil%C3%A4umsgrat-21-2282015\" target=\"_blank\" rel=\"noreferrer noopener\" aria-label=\" (opens in a new tab)\">Diman valokuvat<\/a><br><a rel=\"noopener noreferrer\" href=\"https:\/\/www.flickr.com\/photos\/jerikofox\/sets\/72157657923956009\" target=\"_blank\">Foxin valokuvat<\/a><br><a rel=\"noopener noreferrer\" href=\"http:\/\/trail.jerikofox.com\/2015\/08\/jubilaumsgrat-day-1\/\" target=\"_blank\">Foxin artikkeli 1. p\u00e4iv\u00e4 (eng, fin)<br><\/a><a rel=\"noopener noreferrer\" href=\"http:\/\/trail.jerikofox.com\/2015\/08\/jubilaumsgrat-day-2\/\" target=\"_blank\">Foxin artikkeli 2. p\u00e4iv\u00e4 (eng, fin)<\/a><\/p>\n\n\n\n<h3 class=\"wp-block-heading\"><strong>25.8. Zermatt Mammut Via-ferrata C-reitti (2164 m)<\/strong><\/h3>\n\n\n\n<figure class=\"wp-block-image size-large is-style-default\"><img decoding=\"async\" src=\"https:\/\/photos.smugmug.com\/Travel\/Alps-2015\/Zermatt-Mammut-Via-ferrata-2582015\/i-sHvKWxg\/0\/31b5c8b6\/XL\/20954720471-XL.jpg\" alt=\"\"\/><figcaption>Mammut Via-ferrata<\/figcaption><\/figure>\n\n\n\n<p><a href=\"https:\/\/foto.dima.fi\/Travel\/Alps-2015\/Zermatt-Mammut-Via-ferrata-2582015\" target=\"_blank\" rel=\"noreferrer noopener\" aria-label=\" (opens in a new tab)\">Diman valokuvat<\/a><br><a rel=\"noopener noreferrer\" href=\"http:\/\/trail.jerikofox.com\/2015\/08\/mammut-klettersteig-route-c\/\" target=\"_blank\">Foxin artikkeli (eng, fin)<\/a><\/p>\n\n\n\n<h3 class=\"wp-block-heading\"><strong>26-27.8. Monte Rosa Dufourspitze (4634 m, aborted at 3264m)<\/strong><\/h3>\n\n\n\n<figure class=\"wp-block-image size-large is-style-default\"><img decoding=\"async\" src=\"https:\/\/photos.smugmug.com\/Travel\/Alps-2015\/Monte-Rosa-26-2782015\/i-GV8vzvC\/0\/89d9f5e5\/XL\/20324911683-XL.jpg\" alt=\"\"\/><figcaption>Monte Rosa Dufourspitze<\/figcaption><\/figure>\n\n\n\n<p><a href=\"https:\/\/foto.dima.fi\/Travel\/Alps-2015\/Monte-Rosa-26-2782015\/\" target=\"_blank\" rel=\"noreferrer noopener\" aria-label=\" (opens in a new tab)\">Diman valokuvat<\/a><br><a rel=\"noopener noreferrer\" href=\"https:\/\/www.flickr.com\/photos\/jerikofox\/sets\/72157660038906598\" target=\"_blank\">Foxin valokuvat<\/a><br><a rel=\"noopener noreferrer\" href=\"http:\/\/trail.jerikofox.com\/2015\/08\/monte-rosa-hutte\/\" target=\"_blank\">Foxin artikkeli 1. p\u00e4iv\u00e4 (eng, fin)<\/a><br><a rel=\"noopener noreferrer\" href=\"http:\/\/trail.jerikofox.com\/2015\/08\/dufourspitze-attempt\/\" target=\"_blank\">Foxin artikkeli 2. p\u00e4iv\u00e4 (eng, fin)<\/a><\/p>\n\n\n\n<p><a rel=\"noopener noreferrer\" href=\"http:\/\/trail.jerikofox.com\/category\/travel\/alps-2015\/\" target=\"_blank\">Foxin kaikki reissun artikkelit<\/a><\/p>\n","protected":false},"excerpt":{"rendered":"<p>Taas on aika l\u00e4hte\u00e4 Alpeille. Lentoliputkin on jo olemassa ja seura on tuttu ja turvallinen Fox. My\u00f6s Foxin is\u00e4, Kimmo, l\u00e4htee mukaan seuraksi. Ei&nbsp;tosin ole mukana kiipe\u00e4m\u00e4ss\u00e4 p\u00e4\u00e4kohteissa. Suunnitelmissa on viett\u00e4\u00e4 kaksi viikkoa Alpeilla. Viikko Saksassa, tutussa&nbsp;Garmisch-Partenkirchenissa. Toinen viikko vietet\u00e4\u00e4n Sveitsiss\u00e4, Zermatt kyl\u00e4ss\u00e4. Zermatt on mielenkiintoinen paikka, johon autolla ei p\u00e4\u00e4se. Ensimm\u00e4isen viikon ykk\u00f6skohde on [&hellip;]<\/p>\n","protected":false},"author":1,"featured_media":0,"parent":1370,"menu_order":0,"comment_status":"closed","ping_status":"open","template":"","meta":{"footnotes":""},"class_list":["post-1663","page","type-page","status-publish","hentry","missing-thumbnail"],"_links":{"self":[{"href":"https:\/\/dima.fi\/blog\/wp-json\/wp\/v2\/pages\/1663","targetHints":{"allow":["GET"]}}],"collection":[{"href":"https:\/\/dima.fi\/blog\/wp-json\/wp\/v2\/pages"}],"about":[{"href":"https:\/\/dima.fi\/blog\/wp-json\/wp\/v2\/types\/page"}],"author":[{"embeddable":true,"href":"https:\/\/dima.fi\/blog\/wp-json\/wp\/v2\/users\/1"}],"replies":[{"embeddable":true,"href":"https:\/\/dima.fi\/blog\/wp-json\/wp\/v2\/comments?post=1663"}],"version-history":[{"count":16,"href":"https:\/\/dima.fi\/blog\/wp-json\/wp\/v2\/pages\/1663\/revisions"}],"predecessor-version":[{"id":3099,"href":"https:\/\/dima.fi\/blog\/wp-json\/wp\/v2\/pages\/1663\/revisions\/3099"}],"up":[{"embeddable":true,"href":"https:\/\/dima.fi\/blog\/wp-json\/wp\/v2\/pages\/1370"}],"wp:attachment":[{"href":"https:\/\/dima.fi\/blog\/wp-json\/wp\/v2\/media?parent=1663"}],"curies":[{"name":"wp","href":"https:\/\/api.w.org\/{rel}","templated":true}]}}