{"id":1370,"date":"2013-08-15T15:36:08","date_gmt":"2013-08-15T12:36:08","guid":{"rendered":"http:\/\/matkalla.dima.fi\/?page_id=1370"},"modified":"2020-03-05T00:30:50","modified_gmt":"2020-03-04T22:30:50","slug":"matkalla","status":"publish","type":"page","link":"https:\/\/dima.fi\/blog\/matkalla\/","title":{"rendered":"Hei, olen matkalla&#8230;"},"content":{"rendered":"\n<p><strong>Tervetuloa matkap\u00e4v\u00e4kirjaani \ud83d\ude42<\/strong><\/p>\n\n\n\n<p>Tapanani on kirjoittaa reissuillani p\u00e4iv\u00e4n tapahtumista, jotta matkoja olisi helppo muistella. Mutta samalla t\u00e4m\u00e4 toimii p\u00e4\u00e4viestimen\u00e4 yst\u00e4villeni ja sukulaisilleni reissun aikana. Eik\u00e4 my\u00f6sk\u00e4\u00e4n reissun j\u00e4lkeen tarvitse jokaiselle kertoa yh\u00e4 uudelleen ja uudelleen reissun tapahtumien yksityiskohtia. Vaan kaikki l\u00f6ytyy t\u00e4st\u00e4 matkap\u00e4iv\u00e4kirjastani.<\/p>\n\n\n\n<p>My\u00f6s matkaseuralaisillani on mahdollisuus kirjoittaa omalla nimell\u00e4. N\u00e4in t\u00e4h\u00e4n tallentuu koko matkaseurueen ajatukset ja tarinat. Twitterist\u00e4 on tullut helpompi ja tehokkaampi viestint\u00e4v\u00e4line. Joten olen rakentanut t\u00e4h\u00e4n twitter-integraation, joka poimii matkaseuralaisten twiittej\u00e4 reissukohtaisesti sovitun hashtagin avulla.<\/p>\n\n\n\n<p>Matkablogit koostuvat kahdesta osiosta. Toinen on <em>matkakuvaussivu,<\/em> jossa kerrotaan matkan taustoista ja suunnitelmista. Ja toinen osio on <em>blogipostaukset<\/em>, jossa ovat varsinaiset reissun merkinn\u00e4t. Lukijoilla on mahdollisuus kommentoida kaikkia matkakuvauksia ja artikkeleita ilman rekister\u00f6inti\u00e4. Tervehdykset, vinkit ja neuvot ovat l\u00e4mpim\u00e4sti tervetulleita.<\/p>\n\n\n\n<p>Joskus reissun aikana valokuvia ei aina ole mahdollisuutta lis\u00e4t\u00e4 artikkeleihin. Pyrin kuitenkin lis\u00e4\u00e4m\u00e4\u00e4n kuvat j\u00e4lkik\u00e4teen aina kun on mahdollista. Kaikki reissukuvat l\u00f6ytyv\u00e4t <a rel=\"noreferrer noopener\" aria-label=\" (opens in a new tab)\" href=\"https:\/\/foto.dima.fi\/Travel\" target=\"_blank\">galleriastani<\/a>.<\/p>\n\n\n\n<p><\/p>\n\n\n\n<div class=\"wp-block-media-text alignwide has-media-on-the-right is-vertically-aligned-top\"><figure class=\"wp-block-media-text__media\"><img loading=\"lazy\" decoding=\"async\" width=\"1000\" height=\"750\" src=\"http:\/\/dima.fi\/blog\/wp-content\/uploads\/2020\/02\/9509675966.jpg\" alt=\"Dima at Gro\u00dfglockner mountain\" class=\"wp-image-129\" srcset=\"https:\/\/dima.fi\/blog\/wp-content\/uploads\/2020\/02\/9509675966.jpg 1000w, https:\/\/dima.fi\/blog\/wp-content\/uploads\/2020\/02\/9509675966-300x225.jpg 300w, https:\/\/dima.fi\/blog\/wp-content\/uploads\/2020\/02\/9509675966-768x576.jpg 768w\" sizes=\"auto, (max-width: 1000px) 100vw, 1000px\" \/><\/figure><div class=\"wp-block-media-text__content\">\n<p>-Dima<\/p>\n<\/div><\/div>\n","protected":false},"excerpt":{"rendered":"<p>Tervetuloa matkap\u00e4v\u00e4kirjaani \ud83d\ude42 Tapanani on kirjoittaa reissuillani p\u00e4iv\u00e4n tapahtumista, jotta matkoja olisi helppo muistella. Mutta samalla t\u00e4m\u00e4 toimii p\u00e4\u00e4viestimen\u00e4 yst\u00e4villeni ja sukulaisilleni reissun aikana. Eik\u00e4 my\u00f6sk\u00e4\u00e4n reissun j\u00e4lkeen tarvitse jokaiselle kertoa yh\u00e4 uudelleen ja uudelleen reissun tapahtumien yksityiskohtia. Vaan kaikki l\u00f6ytyy t\u00e4st\u00e4 matkap\u00e4iv\u00e4kirjastani. My\u00f6s matkaseuralaisillani on mahdollisuus kirjoittaa omalla nimell\u00e4. N\u00e4in t\u00e4h\u00e4n tallentuu koko matkaseurueen [&hellip;]<\/p>\n","protected":false},"author":1,"featured_media":0,"parent":0,"menu_order":0,"comment_status":"closed","ping_status":"closed","template":"","meta":{"footnotes":""},"class_list":["post-1370","page","type-page","status-publish","hentry","missing-thumbnail"],"_links":{"self":[{"href":"https:\/\/dima.fi\/blog\/wp-json\/wp\/v2\/pages\/1370","targetHints":{"allow":["GET"]}}],"collection":[{"href":"https:\/\/dima.fi\/blog\/wp-json\/wp\/v2\/pages"}],"about":[{"href":"https:\/\/dima.fi\/blog\/wp-json\/wp\/v2\/types\/page"}],"author":[{"embeddable":true,"href":"https:\/\/dima.fi\/blog\/wp-json\/wp\/v2\/users\/1"}],"replies":[{"embeddable":true,"href":"https:\/\/dima.fi\/blog\/wp-json\/wp\/v2\/comments?post=1370"}],"version-history":[{"count":5,"href":"https:\/\/dima.fi\/blog\/wp-json\/wp\/v2\/pages\/1370\/revisions"}],"predecessor-version":[{"id":2336,"href":"https:\/\/dima.fi\/blog\/wp-json\/wp\/v2\/pages\/1370\/revisions\/2336"}],"wp:attachment":[{"href":"https:\/\/dima.fi\/blog\/wp-json\/wp\/v2\/media?parent=1370"}],"curies":[{"name":"wp","href":"https:\/\/api.w.org\/{rel}","templated":true}]}}