{"id":1007,"date":"2013-04-15T18:19:15","date_gmt":"2013-04-15T15:19:15","guid":{"rendered":"http:\/\/matkalla.dima.fi\/?page_id=1007"},"modified":"2020-03-02T14:55:26","modified_gmt":"2020-03-02T12:55:26","slug":"2013-alpit","status":"publish","type":"page","link":"https:\/\/dima.fi\/blog\/matkalla\/2013-alpit\/","title":{"rendered":"2013 Alpit"},"content":{"rendered":"\n<div class=\"wp-block-button\"><a class=\"wp-block-button__link has-background has-vivid-red-background-color\" href=\"http:\/\/dima.fi\/blog\/posts\/2013-alpit\/\">Blogipostaukset<\/a><\/div>\n\n\n\n<p>J\u00e4lleen uusi seikkailu! T\u00e4ll\u00e4 kerta auto j\u00e4\u00e4 kotiin, sill\u00e4 kyseess\u00e4 on Alppien valloitus.<\/p>\n\n\n\n<p>Syksyll\u00e4 2012 k\u00e4vin vaeltamassa vanhempieni kanssa It\u00e4vallan Alpeilla huippuja kuitenkaan saavuttamatta. Tuolloin noustiin Nassfeldin, Stubnerkogelin, Schlossalmin ja Dorfgasteinin vuorille. <a href=\"https:\/\/foto.dima.fi\/Travel\/Alps-2013\" target=\"_blank\" rel=\"noreferrer noopener\" aria-label=\" (opens in a new tab)\">Reissun kuvat t\u00e4\u00e4ll\u00e4<\/a>. Silloin ihastuin Alppeihin totaalisesti ja p\u00e4\u00e4tin tulevani Alppeille aina kun on mahdollisuus.<\/p>\n\n\n\n<p>Joskus talvella juttelin yst\u00e4v\u00e4ni Foxin kanssa Alpeista. H\u00e4nell\u00e4 on jo pidempi kokemus Alpeista ja samanlainen mielenkiinto kuin minulla valloittaa huippuja. Joten sovimme, ett\u00e4 l\u00e4hdet\u00e4\u00e4n kes\u00e4ll\u00e4 2013 pariksi viikoksi Alppeille. Liputkin ollaan ehditty jo ostaa, joten on aika suunnitella reissun p\u00e4\u00e4kohtia.<\/p>\n\n\n\n<p>Liput ovat ajankohdalle 20.7.-6.8. Saapuminen ja paluul\u00e4ht\u00f6 on M\u00fcnchenissa. P\u00e4\u00e4kohteena on Garmisch-Partenkirchenin ymp\u00e4rill\u00e4 olevat vuoret. Alpspitze ja Saksan korkein vuori Zugspitze. My\u00f6s niiden v\u00e4liss\u00e4 olevan harjanteen Jubil\u00e4umgrat-reitti on harkinnassa, tosin sen haastavuus mietitytt\u00e4\u00e4. My\u00f6s vieress\u00e4, It\u00e4vallan puolella, oleva&nbsp;Ehrwalder Sonnenspitze on tarkoitus valloittaa. T\u00e4m\u00e4n j\u00e4lkeen siirryt\u00e4\u00e4n syvemm\u00e4lle It\u00e4valtaan, jossa tavoitteena on kyseisen maan korkein vuori Grossglockner. Sitten jos aikaa ja intoa j\u00e4\u00e4, siirryt\u00e4\u00e4n takaisin Saksaan kokeilemaan Watzmannin valloitusta. N\u00e4m\u00e4 ovat viel\u00e4 t\u00e4m\u00e4n hetken ajatukset, voivat muuttua kes\u00e4n l\u00e4hestyess\u00e4.<br>Isoin, suunnitelmiin vaikuttava, tekij\u00e4 on s\u00e4\u00e4. Koska isoin osa reiteist\u00e4 on <a title=\"VIa ferrata\" href=\"http:\/\/en.wikipedia.org\/wiki\/Via_ferrata\" target=\"_blank\" rel=\"noopener noreferrer\">Via ferrata<\/a>-kiipeily\u00e4, on kosteudella iso merkitys. Matkan tarkoitus on kuitenkin nauttia Alppivaelluksesta ja kiipeilyst\u00e4, joten huippuja on tarkoitus valloittaa kuivissa s\u00e4\u00e4olosuhteissa, yht\u00e4 j\u00e4\u00e4tikk\u00f6\u00e4 lukuun ottamatta. Siksi tarkempia vaellusp\u00e4ivi\u00e4 on vaikea suunnitella, p\u00e4\u00e4tet\u00e4\u00e4n paikan p\u00e4\u00e4ll\u00e4.<\/p>\n\n\n\n<p>T\u00e4ss\u00e4 alustava aikataulu:<\/p>\n\n\n\n<ul class=\"wp-block-list\"><li>20.7. Saapuminen M\u00fcncheniin ja siirtyminen Garmisch-Partenkircheniin<\/li><li><strong><span style=\"color: #3366ff;\">Alpspitze<\/span><\/strong>, <strong><span style=\"color: #339966;\">Zugspitze<\/span><\/strong>, <strong><span style=\"color: #ff00ff;\">Jubil\u00e4umgrat<\/span><\/strong><\/li><li><strong><span style=\"color: #ff0000;\">Ehrwalder Sonnenspitze<\/span><\/strong><\/li><li>29.7. Siirtyminen Zel Am Seehen tai Kals am Grossglockneriin<\/li><li><strong><span style=\"color: #800080;\">Grossglockner<\/span><\/strong><\/li><li>2-3.8. Siirtyminen Saksaan, Berchtesgadeniin<\/li><li><span style=\"color: #00ccff;\"><strong>Watzmann<\/strong><\/span><\/li><li>5-6.8. Siirtyminen M\u00fcncheniin ja Suomeen<\/li><\/ul>\n\n\n\n<p>[P\u00e4ivitys 13.8.2013]<\/p>\n\n\n\n<p>Teknisista syist\u00e4 jouduimme vaihtamaan Ehrwalder Sonnenspitze ja Watzmann toisiin kohteisiin, niiden hankalan sijainnin takia. Tilalle valikoituivat Daniel ja Hoher G\u00f6ll. Samoin Jubil\u00e4umgrat j\u00e4i pois aikataulun ja huonon s\u00e4\u00e4n takia.<\/p>\n\n\n\n<p>Toteutuneen reissun aikataulu:<\/p>\n\n\n\n<ul class=\"wp-block-list\"><li><span style=\"line-height: 13px;\">20.7. Saapuminen M\u00fcncheniin ja siirtyminen Garmisch-Partenkircheniin<\/span><\/li><li>21.7.<strong> <span style=\"color: #3366ff;\">Alpspitze<\/span><\/strong><\/li><li>23.7.<span style=\"color: #ff0000;\"> <strong>Daniel<\/strong><span style=\"color: #000000;\"> (kartan merkki ilman pistett\u00e4)<\/span><\/span><\/li><li>25-26.7. <span style=\"color: #339966;\"><strong>Zugspitze<\/strong><\/span><\/li><li>29.7. Innsbruckin kautta Kals am Grossglockneriin, It\u00e4valta<\/li><li>30-31.7. <span style=\"color: #800080;\"><strong>Grossglockner<\/strong><\/span><\/li><li>1.8. Siirtyminen Berchtesgadeniin<\/li><li>2.8. Salzburg<\/li><li>3.8.<span style=\"color: #00ccff;\"><strong> Hoher G\u00f6ll&nbsp;<\/strong><span style=\"color: #000000;\">(kartan merkki ilman pistett\u00e4)<\/span><\/span><\/li><li>5-6.8. Siirtyminen M\u00fcncheniin ja Suomeen<\/li><\/ul>\n\n\n\n<p>Kartalla kohteet merkitty vastaavilla v\u00e4reill\u00e4:<\/p>\n\n\n\n<iframe loading=\"lazy\" width=\"100%\" height=\"250\" src=\"https:\/\/dima.fi\/map\/kartta_kml.php?kml=2013-alps\"><\/iframe>\n\n\n\n<h2 class=\"wp-block-heading\">Yhteenveto kohteista:<\/h2>\n\n\n\n<h3 class=\"wp-block-heading\">Alpspitze (2628 m)<\/h3>\n\n\n\n<figure class=\"wp-block-image size-large is-style-default photonic\"><img decoding=\"async\" src=\"https:\/\/photos.smugmug.com\/Travel\/Alps-2013\/Alpspitze-2172013\/i-3Z2jMkG\/0\/8bb3ca5c\/L\/9495608898-L.jpg\" alt=\"\"\/><\/figure>\n\n\n\n<p><a title=\"Alpspitze\" href=\"http:\/\/www.summitpost.org\/alpspitze\/577392\" target=\"_blank\" rel=\"noopener noreferrer\">Summitpost<\/a><br><a title=\"Wiki Alpspitze\" href=\"http:\/\/de.wikipedia.org\/wiki\/Alpspitze\" target=\"_blank\" rel=\"noopener noreferrer\">Wikipedia<\/a><\/p>\n\n\n\n<p>Artikkeli: <a title=\"Alpspitze osa 1\" href=\"http:\/\/matkalla.dima.fi\/2013\/07\/23\/alpspitze-osa-1\/\">Alpspitze osa 1<\/a>, Dima<br>Artikkeli: <a title=\"Alpspitze osa 2\" href=\"http:\/\/matkalla.dima.fi\/2013\/07\/24\/alpspitze-osa-2\/\">Alpspitze osa 2<\/a>,&nbsp;Dima<br>Artikkeli: <a title=\"Alpspitze (2628m)\" href=\"http:\/\/matkalla.dima.fi\/2013\/07\/22\/alpspitze-2628m\/\">Alpspitze (2628m)<\/a>, Fox<br><span style=\"color: #000000;\">Kuvat:&nbsp;<\/span><a href=\"https:\/\/foto.dima.fi\/Travel\/Alps-2013\/Alpspitze-2172013\/\">Dima: Alspspitze 21.7.2013<\/a><\/p>\n\n\n\n<figure class=\"wp-block-embed-youtube wp-block-embed is-type-video is-provider-youtube wp-embed-aspect-16-9 wp-has-aspect-ratio\"><div class=\"wp-block-embed__wrapper\">\n<iframe loading=\"lazy\" title=\"Alpspitze 2628m (21.07.2013)\" width=\"560\" height=\"315\" src=\"https:\/\/www.youtube.com\/embed\/MVNgVMXLg2s?feature=oembed\" frameborder=\"0\" allow=\"accelerometer; autoplay; clipboard-write; encrypted-media; gyroscope; picture-in-picture; web-share\" referrerpolicy=\"strict-origin-when-cross-origin\" allowfullscreen><\/iframe>\n<\/div><\/figure>\n\n\n\n<h3 class=\"wp-block-heading\">Daniel (2340 m)<\/h3>\n\n\n\n<figure class=\"wp-block-image size-large is-style-default\"><img decoding=\"async\" src=\"https:\/\/upload.wikimedia.org\/wikipedia\/commons\/thumb\/0\/04\/Mountain_Daniel.jpg\/1440px-Mountain_Daniel.jpg\" alt=\"\"\/><figcaption><a href=\"https:\/\/commons.wikimedia.org\/wiki\/File:Mountain_Daniel.jpg\" target=\"_blank\" rel=\"noreferrer noopener\" aria-label=\"Attribution:&nbsp;Tiia Monto (opens in a new tab)\">Attribution:&nbsp;Tiia Monto<\/a><\/figcaption><\/figure>\n\n\n\n<p><a title=\"Daniel\" href=\"http:\/\/www.summitpost.org\/daniel\/153365\" target=\"_blank\" rel=\"noopener noreferrer\">Summitpost<\/a><\/p>\n\n\n\n<p>Artikkeli: <a title=\"Daniel vuoren valloitus It\u00e4vallan Tirolissa\" href=\"http:\/\/matkalla.dima.fi\/2013\/07\/24\/daniel-vuori\/\">Daniel vuoren valloitus<\/a>, Dima<br>Artikkeli: <a title=\"Daniel (2340m)\" href=\"http:\/\/matkalla.dima.fi\/2013\/07\/24\/daniel-2340m\/\">Daniel (2340m)<\/a>,&nbsp;Fox<br>Kuvat: <a rel=\"noreferrer noopener\" aria-label=\" (opens in a new tab)\" href=\"https:\/\/foto.dima.fi\/Travel\/Alps-2013\/Daniel-2372013\/\" target=\"_blank\">Dima: Daniel 23.7.2013<\/a><\/p>\n\n\n\n<figure class=\"wp-block-embed-youtube wp-block-embed is-type-video is-provider-youtube wp-embed-aspect-16-9 wp-has-aspect-ratio\"><div class=\"wp-block-embed__wrapper\">\n<iframe loading=\"lazy\" title=\"Daniel 2340m traverse (23.07.2013)\" width=\"560\" height=\"315\" src=\"https:\/\/www.youtube.com\/embed\/os79HADYO2w?feature=oembed\" frameborder=\"0\" allow=\"accelerometer; autoplay; clipboard-write; encrypted-media; gyroscope; picture-in-picture; web-share\" referrerpolicy=\"strict-origin-when-cross-origin\" allowfullscreen><\/iframe>\n<\/div><\/figure>\n\n\n\n<h3 class=\"wp-block-heading\">Zugspitze (2962 m)<\/h3>\n\n\n\n<figure class=\"wp-block-image size-large is-style-default\"><img decoding=\"async\" src=\"https:\/\/upload.wikimedia.org\/wikipedia\/commons\/thumb\/7\/7e\/Zugspitze_2.JPG\/1620px-Zugspitze_2.JPG\" alt=\"\"\/><figcaption><a href=\"https:\/\/commons.wikimedia.org\/wiki\/File:Zugspitze_2.JPG\" target=\"_blank\" rel=\"noreferrer noopener\" aria-label=\" (opens in a new tab)\">Attribution: Octagon<\/a><\/figcaption><\/figure>\n\n\n\n<p><a title=\"Zugspitze\" href=\"http:\/\/www.summitpost.org\/zugspitze\/150322\" target=\"_blank\" rel=\"noopener noreferrer\">Summitpost<\/a><br><a title=\"Zugspitse Wiki\" href=\"http:\/\/fi.wikipedia.org\/wiki\/Zugspitze\" target=\"_blank\" rel=\"noopener noreferrer\">Wikipedia<\/a><\/p>\n\n\n\n<p>Blogi: <a title=\"Zugspitzen valloitus\" href=\"http:\/\/matkalla.dima.fi\/2013\/07\/27\/zugspitzen-valloitus\/\">Zugspitzen valloitus<\/a>, Dima<br>Blogi: <a title=\"Zugspitze (2962m)\" href=\"http:\/\/matkalla.dima.fi\/2013\/08\/03\/zugspitze-2962m\/\">Zugspitze&nbsp;(2962m)<\/a>, Fox<br>Kuvat: <a rel=\"noreferrer noopener\" aria-label=\" (opens in a new tab)\" href=\"https:\/\/foto.dima.fi\/Travel\/Alps-2013\/Zugspitze-25-2672013\/\" target=\"_blank\">Dima:<\/a><a href=\"https:\/\/foto.dima.fi\/Travel\/Alps-2013\/Zugspitze-25-2672013\/\" target=\"_blank\" rel=\"noreferrer noopener\" aria-label=\" (opens in a new tab)\"> <\/a><a rel=\"noreferrer noopener\" aria-label=\" (opens in a new tab)\" href=\"https:\/\/foto.dima.fi\/Travel\/Alps-2013\/Zugspitze-25-2672013\/\" target=\"_blank\">Zugspitze 25-26.7.2013<\/a><\/p>\n\n\n\n<figure class=\"wp-block-embed-youtube wp-block-embed is-type-video is-provider-youtube wp-embed-aspect-16-9 wp-has-aspect-ratio\"><div class=\"wp-block-embed__wrapper\">\n<iframe loading=\"lazy\" title=\"Zugspitze 2962m via H\u00f6llental (25.-26.2013)\" width=\"560\" height=\"315\" src=\"https:\/\/www.youtube.com\/embed\/M81rZtV2-m8?feature=oembed\" frameborder=\"0\" allow=\"accelerometer; autoplay; clipboard-write; encrypted-media; gyroscope; picture-in-picture; web-share\" referrerpolicy=\"strict-origin-when-cross-origin\" allowfullscreen><\/iframe>\n<\/div><\/figure>\n\n\n\n<h3 class=\"wp-block-heading\">Gro\u00dfglockner (3798 m)<\/h3>\n\n\n\n<figure class=\"wp-block-image size-large is-style-default\"><img decoding=\"async\" src=\"https:\/\/photos.smugmug.com\/Travel\/Alps-2013\/Gro\u00dfglockner-30-3172013\/i-sLFcPvC\/0\/175b1169\/L\/9509692148-L.jpg\" alt=\"\"\/><\/figure>\n\n\n\n<p><a title=\"Grossglockner\" href=\"http:\/\/www.summitpost.org\/grossglockner\/150224\" target=\"_blank\" rel=\"noopener noreferrer\">Summitpost<\/a><br><a title=\"Grossglockner Wiki\" href=\"http:\/\/en.wikipedia.org\/wiki\/Grossglockner\" target=\"_blank\" rel=\"noopener noreferrer\">Wikipedia<\/a><\/p>\n\n\n\n<p>Artikkeli: <a title=\"Gro\u00dfglocknerin valloitus 30-31.7. Osa 1\" href=\"http:\/\/matkalla.dima.fi\/2013\/08\/04\/grosglocknerin-valloitus-osa-1\/\">Grossglocknerin valloitus osa 1<\/a>, Dima<br>Artikkeli: <a title=\"Gro\u00dfglocknerin valloitus 30-31.7. Osa 2\" href=\"http:\/\/matkalla.dima.fi\/2013\/08\/04\/grosglocknerin-valloitus-osa-2\/\">Grossglocknerin valloitus osa 2<\/a>, Dima<br>Kuvat: <a rel=\"noreferrer noopener\" aria-label=\" (opens in a new tab)\" href=\"https:\/\/foto.dima.fi\/Travel\/Alps-2013\/Gro%C3%9Fglockner-30-3172013\/\" target=\"_blank\">Dima: Grossglockner 30-31.7.2013<\/a><\/p>\n\n\n\n<figure class=\"wp-block-embed-youtube wp-block-embed is-type-video is-provider-youtube wp-embed-aspect-16-9 wp-has-aspect-ratio\"><div class=\"wp-block-embed__wrapper\">\n<iframe loading=\"lazy\" title=\"Gro\u00dfglockner 3798m classic route (30.-31.07.2013)\" width=\"560\" height=\"315\" src=\"https:\/\/www.youtube.com\/embed\/6idi2HoN3R8?feature=oembed\" frameborder=\"0\" allow=\"accelerometer; autoplay; clipboard-write; encrypted-media; gyroscope; picture-in-picture; web-share\" referrerpolicy=\"strict-origin-when-cross-origin\" allowfullscreen><\/iframe>\n<\/div><\/figure>\n\n\n\n<h3 class=\"wp-block-heading\">Hoher G\u00f6ll (2522m)<\/h3>\n\n\n\n<figure class=\"wp-block-image size-large is-style-default\"><img decoding=\"async\" src=\"https:\/\/upload.wikimedia.org\/wikipedia\/commons\/a\/a4\/Goell.jpg\" alt=\"\"\/><figcaption><a href=\"https:\/\/commons.wikimedia.org\/wiki\/File:Goell.jpg\" target=\"_blank\" rel=\"noreferrer noopener\" aria-label=\"Attribution: Lobob (opens in a new tab)\">Attribution: Lobob<\/a><\/figcaption><\/figure>\n\n\n\n<p><a title=\"Hoher G\u00f6ll\" href=\"http:\/\/www.summitpost.org\/hoher-goell\/151115\" target=\"_blank\" rel=\"noopener noreferrer\">Summitpost<\/a><br><a title=\"Hohher G\u00f6ll\" href=\"http:\/\/en.wikipedia.org\/wiki\/Hoher_G%C3%B6ll\" target=\"_blank\" rel=\"noopener noreferrer\">Wikipedia<\/a><\/p>\n\n\n\n<p>Kuvat: <a href=\"https:\/\/foto.dima.fi\/Travel\/Alps-2013\/Hoher-G%C3%B6ll-382013\/\" target=\"_blank\" rel=\"noreferrer noopener\" aria-label=\"Dima: Hoher G\u00f6ll 2522m 3.8.2013 (opens in a new tab)\">Dima: Hoher G\u00f6ll 2522m 3.8.2013<\/a><\/p>\n\n\n\n<figure class=\"wp-block-embed-youtube wp-block-embed is-type-video is-provider-youtube wp-embed-aspect-16-9 wp-has-aspect-ratio\"><div class=\"wp-block-embed__wrapper\">\n<iframe loading=\"lazy\" title=\"Hoher Go\u0308ll 2522m via Mannlgrat (03.08.2013)\" width=\"560\" height=\"315\" src=\"https:\/\/www.youtube.com\/embed\/UUVi0oJsag0?feature=oembed\" frameborder=\"0\" allow=\"accelerometer; autoplay; clipboard-write; encrypted-media; gyroscope; picture-in-picture; web-share\" referrerpolicy=\"strict-origin-when-cross-origin\" allowfullscreen><\/iframe>\n<\/div><\/figure>\n\n\n\n<p><\/p>\n\n\n\n<p>Reissun kaikki kuvat l\u00f6ytyv\u00e4t t\u00e4\u00e4lt\u00e4: <a href=\"https:\/\/foto.dima.fi\/Travel\/Alps-2013\">Alps 2013<\/a><\/p>\n","protected":false},"excerpt":{"rendered":"<p>J\u00e4lleen uusi seikkailu! T\u00e4ll\u00e4 kerta auto j\u00e4\u00e4 kotiin, sill\u00e4 kyseess\u00e4 on Alppien valloitus. Syksyll\u00e4 2012 k\u00e4vin vaeltamassa vanhempieni kanssa It\u00e4vallan Alpeilla huippuja kuitenkaan saavuttamatta. Tuolloin noustiin Nassfeldin, Stubnerkogelin, Schlossalmin ja Dorfgasteinin vuorille. Reissun kuvat t\u00e4\u00e4ll\u00e4. Silloin ihastuin Alppeihin totaalisesti ja p\u00e4\u00e4tin tulevani Alppeille aina kun on mahdollisuus. Joskus talvella juttelin yst\u00e4v\u00e4ni Foxin kanssa Alpeista. H\u00e4nell\u00e4 [&hellip;]<\/p>\n","protected":false},"author":1,"featured_media":0,"parent":1370,"menu_order":2,"comment_status":"closed","ping_status":"open","template":"","meta":{"footnotes":""},"class_list":["post-1007","page","type-page","status-publish","hentry","missing-thumbnail"],"_links":{"self":[{"href":"https:\/\/dima.fi\/blog\/wp-json\/wp\/v2\/pages\/1007","targetHints":{"allow":["GET"]}}],"collection":[{"href":"https:\/\/dima.fi\/blog\/wp-json\/wp\/v2\/pages"}],"about":[{"href":"https:\/\/dima.fi\/blog\/wp-json\/wp\/v2\/types\/page"}],"author":[{"embeddable":true,"href":"https:\/\/dima.fi\/blog\/wp-json\/wp\/v2\/users\/1"}],"replies":[{"embeddable":true,"href":"https:\/\/dima.fi\/blog\/wp-json\/wp\/v2\/comments?post=1007"}],"version-history":[{"count":7,"href":"https:\/\/dima.fi\/blog\/wp-json\/wp\/v2\/pages\/1007\/revisions"}],"predecessor-version":[{"id":2316,"href":"https:\/\/dima.fi\/blog\/wp-json\/wp\/v2\/pages\/1007\/revisions\/2316"}],"up":[{"embeddable":true,"href":"https:\/\/dima.fi\/blog\/wp-json\/wp\/v2\/pages\/1370"}],"wp:attachment":[{"href":"https:\/\/dima.fi\/blog\/wp-json\/wp\/v2\/media?parent=1007"}],"curies":[{"name":"wp","href":"https:\/\/api.w.org\/{rel}","templated":true}]}}